{"id":806,"date":"2017-08-01T12:13:15","date_gmt":"2017-08-01T12:13:15","guid":{"rendered":"https:\/\/fmvadv.com.br\/index.php\/home\/"},"modified":"2025-03-15T18:35:05","modified_gmt":"2025-03-15T22:35:05","slug":"cartao_de_visita","status":"publish","type":"page","link":"https:\/\/fmvadv.com.br\/","title":{"rendered":"Cart\u00e3o de visita"},"content":{"rendered":"\n\n\t\t\t<h1>\n\t\t\t\t\tCOMO PODEMOS TE AJUDAR?\n\t\t\t\t<\/h1>\n\t\t\tSelecione sua categoria\n\t\t\t<a href=\"https:\/\/fmvadv.com.br\/contato\/\" target=\"_self\">\n\t\t\t\t\t\t\tPessoa Jur\u00eddica\n\t\t\t\t\t<\/a>\n\t\t\t<a href=\"https:\/\/advogopravc.sitepulse.com.br\/\" target=\"_self\">\n\t\t\t\t\t\t\tPessoa F\u00edsica\n\t\t\t\t\t<\/a>\n\t<ul>\n\t\t<li>\t\t\t\t\n\t\t<h4>Empresarial<\/h4><p>Confec\u00e7\u00e3o e altera\u00e7\u00e3o de contrato, registro de sociedade, consultoria e peti\u00e7\u00f5es em geral<\/p><\/li><li>\t\t\t\t\n\t\t<h4>C\u00edvel<\/h4><p>Invent\u00e1rio, separa\u00e7\u00f5es extrajudiciais, escritura p\u00fablica, demandas e peti\u00e7\u00f5es<\/p><\/li><li>\t\t\t\t\n\t\t<h4>Trabalhista<\/h4><p>Confec\u00e7\u00e3o e revis\u00e3o de contratos de trabalho, sindic\u00e2ncias e negocia\u00e7\u00f5es coletivas<\/p><\/li><li>\t\t\t\t\n\t\t<h4>Tribut\u00e1rio<\/h4><p>Manifesta\u00e7\u00e3o de n\u00e3o conformidade, isen\u00e7\u00e3o ou compensa\u00e7\u00e3o fiscal<\/p><\/li><li>\t\t\t\t\n\t\t<h4>Ambiental<\/h4><p>Confec\u00e7\u00e3o de impugna\u00e7\u00e3o e autos de infra\u00e7\u00e3o, libera\u00e7\u00e3o de licen\u00e7a ambiental<\/p><\/li><li>\t\t\t\t\n\t\t<h4>Aduaneiro<\/h4><p>Processos de importa\u00e7\u00e3o em geral, drawback, exporta\u00e7\u00e3o tempor\u00e1ria<\/p><\/li><li>\t\t\t\t\n\t\t<h4>Direito m\u00e9dico<\/h4><p>Condutas de atua\u00e7\u00e3o de m\u00e9dicos, enfermeiros, farmac\u00eauticos<\/p><\/li><li>\t\t\t\t\n\t\t<h4>Previdenci\u00e1rio<\/h4><p>aposentadoria, pens\u00f5es, revis\u00e3o, aux\u00edlios e benef\u00edcios tempor\u00e1rios<\/p><\/li>\t<\/ul>\n\t<blockquote data-instgrm-permalink=\"https:\/\/www.instagram.com\/reel\/DDcjAoUu989\/?utm_source=ig_embed&amp;utm_campaign=loading\" data-instgrm-version=\"14\"> <a href=\"https:\/\/www.instagram.com\/reel\/DDcjAoUu989\/?utm_source=ig_embed&amp;utm_campaign=loading\" target=\"_blank\">       Ver essa foto no Instagram            <\/a><p><a href=\"https:\/\/www.instagram.com\/reel\/DDcjAoUu989\/?utm_source=ig_embed&amp;utm_campaign=loading\" target=\"_blank\">Uma publica\u00e7\u00e3o compartilhada por FM &amp; V Advocacia (@fmv.advocacia)<\/a><\/p><\/blockquote>\n\t<blockquote data-instgrm-permalink=\"https:\/\/www.instagram.com\/p\/DGO3p8Ruwmu\/?utm_source=ig_embed&amp;utm_campaign=loading\" data-instgrm-version=\"14\"> <a href=\"https:\/\/www.instagram.com\/p\/DGO3p8Ruwmu\/?utm_source=ig_embed&amp;utm_campaign=loading\" target=\"_blank\">       Ver essa foto no Instagram            <\/a><p><a href=\"https:\/\/www.instagram.com\/p\/DGO3p8Ruwmu\/?utm_source=ig_embed&amp;utm_campaign=loading\" target=\"_blank\">Uma publica\u00e7\u00e3o compartilhada por FM &amp; V Advocacia (@fmv.advocacia)<\/a><\/p><\/blockquote>\n\t<blockquote data-instgrm-permalink=\"https:\/\/www.instagram.com\/reel\/DElElLfpkDe\/?utm_source=ig_embed&amp;utm_campaign=loading\" data-instgrm-version=\"14\"> <a href=\"https:\/\/www.instagram.com\/reel\/DElElLfpkDe\/?utm_source=ig_embed&amp;utm_campaign=loading\" target=\"_blank\">       Ver essa foto no Instagram            <\/a><p><a href=\"https:\/\/www.instagram.com\/reel\/DElElLfpkDe\/?utm_source=ig_embed&amp;utm_campaign=loading\" target=\"_blank\">Uma publica\u00e7\u00e3o compartilhada por FM &amp; V Advocacia (@fmv.advocacia)<\/a><\/p><\/blockquote>\n\t\t\t<h5>\n\t\t\t\t\tServi\u00e7os de assessoria e consultoria jur\u00eddica especializada.\n\t\t\t\t<\/h5>\n\t\t\t\n\t\t\t<a href=\"https:\/\/fmvadv.com.br\/contato\" target=\"_self\"  role=\"button\">\n\t\t\t\t\t\tEnvie-nos uma mensagem\n\t\t<\/a>\n\n","protected":false},"excerpt":{"rendered":"<p>COMO PODEMOS TE AJUDAR? Selecione sua categoria Pessoa Jur\u00eddica Pessoa F\u00edsica Empresarial Confec\u00e7\u00e3o e altera\u00e7\u00e3o de contrato, registro de sociedade, [&hellip;]<\/p>\n","protected":false},"author":1,"featured_media":0,"parent":0,"menu_order":0,"comment_status":"closed","ping_status":"closed","template":"","meta":{"_uag_custom_page_level_css":"","site-sidebar-layout":"no-sidebar","site-content-layout":"page-builder","ast-site-content-layout":"full-width-container","site-content-style":"unboxed","site-sidebar-style":"unboxed","ast-global-header-display":"","ast-banner-title-visibility":"","ast-main-header-display":"","ast-hfb-above-header-display":"","ast-hfb-below-header-display":"","ast-hfb-mobile-header-display":"","site-post-title":"disabled","ast-breadcrumbs-content":"","ast-featured-img":"disabled","footer-sml-layout":"","theme-transparent-header-meta":"","adv-header-id-meta":"","stick-header-meta":"","header-above-stick-meta":"","header-main-stick-meta":"","header-below-stick-meta":"","astra-migrate-meta-layouts":"set","ast-page-background-enabled":"default","ast-page-background-meta":{"desktop":{"background-color":"","background-image":"","background-repeat":"repeat","background-position":"center center","background-size":"auto","background-attachment":"scroll","background-type":"","background-media":"","overlay-type":"","overlay-color":"","overlay-opacity":"","overlay-gradient":""},"tablet":{"background-color":"","background-image":"","background-repeat":"repeat","background-position":"center center","background-size":"auto","background-attachment":"scroll","background-type":"","background-media":"","overlay-type":"","overlay-color":"","overlay-opacity":"","overlay-gradient":""},"mobile":{"background-color":"","background-image":"","background-repeat":"repeat","background-position":"center center","background-size":"auto","background-attachment":"scroll","background-type":"","background-media":"","overlay-type":"","overlay-color":"","overlay-opacity":"","overlay-gradient":""}},"ast-content-background-meta":{"desktop":{"background-color":"var(--ast-global-color-5)","background-image":"","background-repeat":"repeat","background-position":"center center","background-size":"auto","background-attachment":"scroll","background-type":"","background-media":"","overlay-type":"","overlay-color":"","overlay-opacity":"","overlay-gradient":""},"tablet":{"background-color":"var(--ast-global-color-5)","background-image":"","background-repeat":"repeat","background-position":"center center","background-size":"auto","background-attachment":"scroll","background-type":"","background-media":"","overlay-type":"","overlay-color":"","overlay-opacity":"","overlay-gradient":""},"mobile":{"background-color":"var(--ast-global-color-5)","background-image":"","background-repeat":"repeat","background-position":"center center","background-size":"auto","background-attachment":"scroll","background-type":"","background-media":"","overlay-type":"","overlay-color":"","overlay-opacity":"","overlay-gradient":""}},"footnotes":""},"class_list":["post-806","page","type-page","status-publish","hentry"],"uagb_featured_image_src":{"full":false,"thumbnail":false,"medium":false,"medium_large":false,"large":false,"1536x1536":false,"2048x2048":false},"uagb_author_info":{"display_name":"admin","author_link":"https:\/\/fmvadv.com.br\/?author=1"},"uagb_comment_info":0,"uagb_excerpt":"COMO PODEMOS TE AJUDAR? Selecione sua categoria Pessoa Jur\u00eddica Pessoa F\u00edsica Empresarial Confec\u00e7\u00e3o e altera\u00e7\u00e3o de contrato, registro de sociedade, [&hellip;]","rttpg_featured_image_url":null,"rttpg_author":{"display_name":"admin","author_link":"https:\/\/fmvadv.com.br\/?author=1"},"rttpg_comment":0,"rttpg_category":null,"rttpg_excerpt":"COMO PODEMOS TE AJUDAR? Selecione sua categoria Pessoa Jur\u00eddica Pessoa F\u00edsica Empresarial Confec\u00e7\u00e3o e altera\u00e7\u00e3o de contrato, registro de sociedade, [&hellip;]","_links":{"self":[{"href":"https:\/\/fmvadv.com.br\/index.php?rest_route=\/wp\/v2\/pages\/806","targetHints":{"allow":["GET"]}}],"collection":[{"href":"https:\/\/fmvadv.com.br\/index.php?rest_route=\/wp\/v2\/pages"}],"about":[{"href":"https:\/\/fmvadv.com.br\/index.php?rest_route=\/wp\/v2\/types\/page"}],"author":[{"embeddable":true,"href":"https:\/\/fmvadv.com.br\/index.php?rest_route=\/wp\/v2\/users\/1"}],"replies":[{"embeddable":true,"href":"https:\/\/fmvadv.com.br\/index.php?rest_route=%2Fwp%2Fv2%2Fcomments&post=806"}],"version-history":[{"count":52,"href":"https:\/\/fmvadv.com.br\/index.php?rest_route=\/wp\/v2\/pages\/806\/revisions"}],"predecessor-version":[{"id":1358,"href":"https:\/\/fmvadv.com.br\/index.php?rest_route=\/wp\/v2\/pages\/806\/revisions\/1358"}],"wp:attachment":[{"href":"https:\/\/fmvadv.com.br\/index.php?rest_route=%2Fwp%2Fv2%2Fmedia&parent=806"}],"curies":[{"name":"wp","href":"https:\/\/api.w.org\/{rel}","templated":true}]}}