{"id":808,"date":"2017-08-01T12:13:17","date_gmt":"2017-08-01T12:13:17","guid":{"rendered":"https:\/\/fmvadv.com.br\/index.php\/practice-area\/"},"modified":"2025-03-27T17:29:48","modified_gmt":"2025-03-27T21:29:48","slug":"areas-de-atuacao","status":"publish","type":"page","link":"https:\/\/fmvadv.com.br\/?page_id=808","title":{"rendered":"Areas de Atua\u00e7\u00e3o"},"content":{"rendered":"\n\n\t\t\t<h1>\n\t\t\t\t\t\u00c1REAS DE ATUA\u00c7\u00c3O\n\t\t\t\t<\/h1>\n\t<p>Nosso escrit\u00f3rio atua nas cinco grandes \u00e1reas do Direito, subdividida em grupos especializados e dedicados ao atendimento das mais diversas necessidades de nossos clientes.<\/p>\n<p>Contando com parcerias profissionais em diversos estados da federa\u00e7\u00e3o, constitu\u00edmos um escrit\u00f3rio com estrutura multidisciplinar e atividade voltada, precipuamente, para o setor empresarial, atuando em v\u00e1rios segmentos de assessoria jur\u00eddica.<\/p>\n\t<ul>\n\t\t<li>\t\t\t\t\n\t\t<h5>Empresarial<\/h5><\/li><li>\t\t\t\t\n\t\t<h5>C\u00edvel<\/h5><\/li><li>\t\t\t\t\n\t\t<h5>Tribut\u00e1rio<\/h5><\/li><li>\t\t\t\t\n\t\t<h5>Trabalhista<\/h5><\/li><li>\t\t\t\t\n\t\t<h5>Previdenci\u00e1rio<\/h5><\/li><li>\t\t\t\t\n\t\t<h5>Direito m\u00e9dico<\/h5><\/li>\t<\/ul>\n\t\t\t<h3>\n\t\t\t\t\tEmpresarial\n\t\t\t\t<\/h3>\n\t\t\t<p>Confec\u00e7\u00e3o e revis\u00e3o de contratos sociais e suas altera\u00e7\u00f5es; registro de sociedades; consultoria quanto a t\u00edtulos de cr\u00e9ditos, opera\u00e7\u00f5es mercantis e factoring; confec\u00e7\u00e3o de demandas e peti\u00e7\u00f5es em geral em processos administrativos e judiciais; an\u00e1lise de procedimentos internos da empresa com fito de reduzir os riscos das opera\u00e7\u00f5es negociais; dentre outros.<\/p>\n\t\t\t\t<img decoding=\"async\" src=\"http:\/\/fmvadv.com.br\/wp-content\/uploads\/2025\/03\/IMG_5188.jpg\" alt=\"IMG_5188\" itemprop=\"image\"\/>\n\t\t\t\t<img decoding=\"async\" src=\"http:\/\/fmvadv.com.br\/wp-content\/uploads\/2025\/03\/IMG_5402-scaled-e1743089058999.jpg\" alt=\"IMG_5402\" itemprop=\"image\"\/>\n\t\t\t<h3>\n\t\t\t\t\tC\u00edvel\n\t\t\t\t<\/h3>\n\t\t\t<p>Confec\u00e7\u00e3o e an\u00e1lise de contratos, atos unilaterais de vontade e neg\u00f3cios jur\u00eddicos em geral; invent\u00e1rios e separa\u00e7\u00f5es extrajudiciais em Cart\u00f3rios; acompanhamento para confec\u00e7\u00e3o de Escrituras P\u00fablicas; confec\u00e7\u00e3o de demandas e peti\u00e7\u00f5es em geral em processos administrativos e judiciais; atua\u00e7\u00e3o em processos contenciosos em geral, inclusive junto a Tribunais Superiores; dentre outros.<\/p>\n\t\t\t<h3>\n\t\t\t\t\tTrabalhista\n\t\t\t\t<\/h3>\n\t\t\t<p>Confec\u00e7\u00e3o e revis\u00e3o de Contratos de Trabalho; acompanhamento de processos judiciais, sindic\u00e2ncias e Negocia\u00e7\u00f5es Coletivas; elabora\u00e7\u00e3o de peti\u00e7\u00f5es e demandas tanto no contencioso quanto no consultivo e administrativo; estudo para redu\u00e7\u00e3o de riscos em demandas envolvendo lit\u00edgio com trabalhadores; dentre outros.<\/p>\n\t\t\t\t<img decoding=\"async\" src=\"http:\/\/fmvadv.com.br\/wp-content\/uploads\/2025\/03\/IMG_1635-scaled-e1743089295685.jpg\" alt=\"IMG_1635\" itemprop=\"image\"\/>\n\t\t\t\t<img decoding=\"async\" src=\"http:\/\/fmvadv.com.br\/wp-content\/uploads\/2025\/03\/23167A79-EB58-4FA8-867F-15E9A47D2BEE-scaled-e1743089614568.jpg\" alt=\"23167A79-EB58-4FA8-867F-15E9A47D2BEE\" itemprop=\"image\"\/>\n\t\t\t<h3>\n\t\t\t\t\tTribut\u00e1rio\n\t\t\t\t<\/h3>\n\t\t\t<p>An\u00e1lise da real situa\u00e7\u00e3o fiscal do cliente; confec\u00e7\u00e3o de Impugna\u00e7\u00f5es a Autos de Infra\u00e7\u00e3o; elabora\u00e7\u00e3o de Manifesta\u00e7\u00e3o de N\u00e3o Conformidade; defesa em Execu\u00e7\u00f5es Fiscais; proposituras de demandas em desfavor da Fazenda P\u00fablica; estudo de poss\u00edveis isen\u00e7\u00f5es, anistias, compensa\u00e7\u00f5es e demais institutos jur\u00eddicos para redu\u00e7\u00e3o da carga tribut\u00e1ria do cliente; dentre outros.<\/p>\n\t\t\t<h3>\n\t\t\t\t\tAmbiental\n\t\t\t\t<\/h3>\n\t\t\t<p>Acompanhamento de Processos de Libera\u00e7\u00e3o de Licen\u00e7as Ambientais; n\u00e1lise da real situa\u00e7\u00e3o fiscal do cliente; confec\u00e7\u00e3o de Impugna\u00e7\u00f5es a Autos de Infra\u00e7\u00e3o.<\/p>\n\t\t\t\t<img decoding=\"async\" src=\"http:\/\/fmvadv.com.br\/wp-content\/uploads\/2025\/03\/IMG_1602-scaled.jpg\" alt=\"IMG_1602\" itemprop=\"image\"\/>\n\t\t\t\t<img decoding=\"async\" src=\"http:\/\/fmvadv.com.br\/wp-content\/uploads\/2025\/03\/EFAC2AF6-9280-424A-93EB-2352495B8127-scaled.jpg\" alt=\"EFAC2AF6-9280-424A-93EB-2352495B8127\" itemprop=\"image\"\/>\n\t\t\t<h3>\n\t\t\t\t\tAduaneiro\n\t\t\t\t<\/h3>\n\t\t\t<p>Revis\u00e3o de Processos de Importa\u00e7\u00e3o em geral; Atua\u00e7\u00e3o e Assessoria em Processos de Importa\u00e7\u00e3o sob Regimes Especiais Aduaneiros e dos Aplicados em \u00c1reas Especiais: Admiss\u00e3o Tempor\u00e1ria, Drawback, Exporta\u00e7\u00e3o Tempor\u00e1ria e outros; Atua\u00e7\u00e3o e Assessoria em Processos de Importa\u00e7\u00e3o com Benef\u00edcios Zona Franca de Manaus; Importa\u00e7\u00f5es de Equipamentos para Projetos; Confec\u00e7\u00e3o de Defesas, Impugna\u00e7\u00f5es a Autos de Infra\u00e7\u00e3o.<\/p>\n\t\t\t<h3>\n\t\t\t\t\tPrevidenci\u00e1rio\n\t\t\t\t<\/h3>\n\t\t\t<p>Relacionadas \u00e0 seguridade social, especialmente no que diz respeito \u00e0 aposentadoria, pens\u00f5es, revis\u00e3o de beneficio, aux\u00edlios e benef\u00edcios tempor\u00e1rios pagos pelo sistema p\u00fablico de previd\u00eancia, como o INSS (Instituto Nacional do Seguro Social)<\/p>\n\t\t\t\t<img decoding=\"async\" src=\"http:\/\/fmvadv.com.br\/wp-content\/uploads\/2025\/03\/IMG_5824-e1743110899346.png\" alt=\"IMG_5824\" itemprop=\"image\"\/>\n\t\t\t\t<img decoding=\"async\" src=\"http:\/\/fmvadv.com.br\/wp-content\/uploads\/2025\/03\/WhatsApp-Image-2025-03-27-at-15.56.25-e1743110791520.jpeg\" alt=\"WhatsApp Image 2025-03-27 at 15.56.25\" itemprop=\"image\"\/>\n\t\t\t<h3>\n\t\t\t\t\tDireito m\u00e9dico\n\t\t\t\t<\/h3>\n\t\t\t<p>Garantia dos direitos dos pacientes e a responsabilidade dos profissionais da sa\u00fade, papel crucial na defesa desde o paciente at\u00e9 os m\u00e9dicos e institui\u00e7\u00f5es de sa\u00fade, assegurando que as normas legais e \u00e9ticas sejam cumpridas<\/p>\n\t\t\t<h5>\n\t\t\t\t\tSe identificou com um dos nossos casos?\n\t\t\t\t<\/h5>\n\t\t\t<h2>\n\t\t\t\t\tAnalise seus direitos conosco!\n\t\t\t\t<\/h2>\n\t\t\t<a href=\"https:\/\/fmvadv.com.br\/contato\" target=\"_self\"  role=\"button\">\n\t\t\t\t\t\tENVIE SEU CASO\n\t\t<\/a>\n\n","protected":false},"excerpt":{"rendered":"<p>\u00c1REAS DE ATUA\u00c7\u00c3O Nosso escrit\u00f3rio atua nas cinco grandes \u00e1reas do Direito, subdividida em grupos especializados e dedicados ao atendimento [&hellip;]<\/p>\n","protected":false},"author":1,"featured_media":0,"parent":0,"menu_order":0,"comment_status":"closed","ping_status":"closed","template":"","meta":{"_uag_custom_page_level_css":"","site-sidebar-layout":"no-sidebar","site-content-layout":"page-builder","ast-site-content-layout":"","site-content-style":"default","site-sidebar-style":"default","ast-global-header-display":"","ast-banner-title-visibility":"","ast-main-header-display":"","ast-hfb-above-header-display":"","ast-hfb-below-header-display":"","ast-hfb-mobile-header-display":"","site-post-title":"disabled","ast-breadcrumbs-content":"","ast-featured-img":"disabled","footer-sml-layout":"","theme-transparent-header-meta":"","adv-header-id-meta":"","stick-header-meta":"","header-above-stick-meta":"","header-main-stick-meta":"","header-below-stick-meta":"","astra-migrate-meta-layouts":"default","ast-page-background-enabled":"default","ast-page-background-meta":{"desktop":{"background-color":"","background-image":"","background-repeat":"repeat","background-position":"center center","background-size":"auto","background-attachment":"scroll","background-type":"","background-media":"","overlay-type":"","overlay-color":"","overlay-opacity":"","overlay-gradient":""},"tablet":{"background-color":"","background-image":"","background-repeat":"repeat","background-position":"center center","background-size":"auto","background-attachment":"scroll","background-type":"","background-media":"","overlay-type":"","overlay-color":"","overlay-opacity":"","overlay-gradient":""},"mobile":{"background-color":"","background-image":"","background-repeat":"repeat","background-position":"center center","background-size":"auto","background-attachment":"scroll","background-type":"","background-media":"","overlay-type":"","overlay-color":"","overlay-opacity":"","overlay-gradient":""}},"ast-content-background-meta":{"desktop":{"background-color":"var(--ast-global-color-5)","background-image":"","background-repeat":"repeat","background-position":"center center","background-size":"auto","background-attachment":"scroll","background-type":"","background-media":"","overlay-type":"","overlay-color":"","overlay-opacity":"","overlay-gradient":""},"tablet":{"background-color":"var(--ast-global-color-5)","background-image":"","background-repeat":"repeat","background-position":"center center","background-size":"auto","background-attachment":"scroll","background-type":"","background-media":"","overlay-type":"","overlay-color":"","overlay-opacity":"","overlay-gradient":""},"mobile":{"background-color":"var(--ast-global-color-5)","background-image":"","background-repeat":"repeat","background-position":"center center","background-size":"auto","background-attachment":"scroll","background-type":"","background-media":"","overlay-type":"","overlay-color":"","overlay-opacity":"","overlay-gradient":""}},"footnotes":""},"class_list":["post-808","page","type-page","status-publish","hentry"],"uagb_featured_image_src":{"full":false,"thumbnail":false,"medium":false,"medium_large":false,"large":false,"1536x1536":false,"2048x2048":false},"uagb_author_info":{"display_name":"admin","author_link":"https:\/\/fmvadv.com.br\/?author=1"},"uagb_comment_info":0,"uagb_excerpt":"\u00c1REAS DE ATUA\u00c7\u00c3O Nosso escrit\u00f3rio atua nas cinco grandes \u00e1reas do Direito, subdividida em grupos especializados e dedicados ao atendimento [&hellip;]","rttpg_featured_image_url":null,"rttpg_author":{"display_name":"admin","author_link":"https:\/\/fmvadv.com.br\/?author=1"},"rttpg_comment":0,"rttpg_category":null,"rttpg_excerpt":"\u00c1REAS DE ATUA\u00c7\u00c3O Nosso escrit\u00f3rio atua nas cinco grandes \u00e1reas do Direito, subdividida em grupos especializados e dedicados ao atendimento [&hellip;]","_links":{"self":[{"href":"https:\/\/fmvadv.com.br\/index.php?rest_route=\/wp\/v2\/pages\/808","targetHints":{"allow":["GET"]}}],"collection":[{"href":"https:\/\/fmvadv.com.br\/index.php?rest_route=\/wp\/v2\/pages"}],"about":[{"href":"https:\/\/fmvadv.com.br\/index.php?rest_route=\/wp\/v2\/types\/page"}],"author":[{"embeddable":true,"href":"https:\/\/fmvadv.com.br\/index.php?rest_route=\/wp\/v2\/users\/1"}],"replies":[{"embeddable":true,"href":"https:\/\/fmvadv.com.br\/index.php?rest_route=%2Fwp%2Fv2%2Fcomments&post=808"}],"version-history":[{"count":18,"href":"https:\/\/fmvadv.com.br\/index.php?rest_route=\/wp\/v2\/pages\/808\/revisions"}],"predecessor-version":[{"id":1470,"href":"https:\/\/fmvadv.com.br\/index.php?rest_route=\/wp\/v2\/pages\/808\/revisions\/1470"}],"wp:attachment":[{"href":"https:\/\/fmvadv.com.br\/index.php?rest_route=%2Fwp%2Fv2%2Fmedia&parent=808"}],"curies":[{"name":"wp","href":"https:\/\/api.w.org\/{rel}","templated":true}]}}